{"id":35,"date":"2023-02-02T03:07:38","date_gmt":"2023-02-02T03:07:38","guid":{"rendered":"https:\/\/grupocompostelana.com\/restaurantes\/?page_id=35"},"modified":"2026-04-08T16:50:24","modified_gmt":"2026-04-08T15:50:24","slug":"compostelana-plaza-del-charco-puerto-de-la-cruz","status":"publish","type":"page","link":"https:\/\/grupocompostelana.com\/vmenu\/compostelana-plaza-del-charco-puerto-de-la-cruz\/","title":{"rendered":"Compostelana Plaza del Charco Puerto de la Cruz"},"content":{"rendered":"\t\t<div data-elementor-type=\"wp-page\" data-elementor-id=\"35\" class=\"elementor elementor-35\" data-elementor-settings=\"{&quot;element_pack_global_tooltip_width&quot;:{&quot;unit&quot;:&quot;px&quot;,&quot;size&quot;:&quot;&quot;,&quot;sizes&quot;:[]},&quot;element_pack_global_tooltip_width_tablet&quot;:{&quot;unit&quot;:&quot;px&quot;,&quot;size&quot;:&quot;&quot;,&quot;sizes&quot;:[]},&quot;element_pack_global_tooltip_width_mobile&quot;:{&quot;unit&quot;:&quot;px&quot;,&quot;size&quot;:&quot;&quot;,&quot;sizes&quot;:[]},&quot;element_pack_global_tooltip_padding&quot;:{&quot;unit&quot;:&quot;px&quot;,&quot;top&quot;:&quot;&quot;,&quot;right&quot;:&quot;&quot;,&quot;bottom&quot;:&quot;&quot;,&quot;left&quot;:&quot;&quot;,&quot;isLinked&quot;:true},&quot;element_pack_global_tooltip_padding_tablet&quot;:{&quot;unit&quot;:&quot;px&quot;,&quot;top&quot;:&quot;&quot;,&quot;right&quot;:&quot;&quot;,&quot;bottom&quot;:&quot;&quot;,&quot;left&quot;:&quot;&quot;,&quot;isLinked&quot;:true},&quot;element_pack_global_tooltip_padding_mobile&quot;:{&quot;unit&quot;:&quot;px&quot;,&quot;top&quot;:&quot;&quot;,&quot;right&quot;:&quot;&quot;,&quot;bottom&quot;:&quot;&quot;,&quot;left&quot;:&quot;&quot;,&quot;isLinked&quot;:true},&quot;element_pack_global_tooltip_border_radius&quot;:{&quot;unit&quot;:&quot;px&quot;,&quot;top&quot;:&quot;&quot;,&quot;right&quot;:&quot;&quot;,&quot;bottom&quot;:&quot;&quot;,&quot;left&quot;:&quot;&quot;,&quot;isLinked&quot;:true},&quot;element_pack_global_tooltip_border_radius_tablet&quot;:{&quot;unit&quot;:&quot;px&quot;,&quot;top&quot;:&quot;&quot;,&quot;right&quot;:&quot;&quot;,&quot;bottom&quot;:&quot;&quot;,&quot;left&quot;:&quot;&quot;,&quot;isLinked&quot;:true},&quot;element_pack_global_tooltip_border_radius_mobile&quot;:{&quot;unit&quot;:&quot;px&quot;,&quot;top&quot;:&quot;&quot;,&quot;right&quot;:&quot;&quot;,&quot;bottom&quot;:&quot;&quot;,&quot;left&quot;:&quot;&quot;,&quot;isLinked&quot;:true}}\" data-elementor-post-type=\"page\">\n\t\t\t\t<div class=\"elementor-element elementor-element-402a35ff e-flex e-con-boxed e-con e-parent\" data-id=\"402a35ff\" data-element_type=\"container\" data-e-type=\"container\">\n\t\t\t\t\t<div class=\"e-con-inner\">\n\t\t\t\t<div class=\"elementor-element elementor-element-6e00fcde elementor-widget elementor-widget-image\" data-id=\"6e00fcde\" data-element_type=\"widget\" data-e-type=\"widget\" data-widget_type=\"image.default\">\n\t\t\t\t<div class=\"elementor-widget-container\">\n\t\t\t\t\t\t\t\t\t\t\t\t\t\t\t<img decoding=\"async\" width=\"302\" height=\"61\" src=\"https:\/\/grupocompostelana.com\/vmenu\/wp-content\/uploads\/w-charco.svg\" class=\"attachment-full size-full wp-image-589\" alt=\"\" \/>\t\t\t\t\t\t\t\t\t\t\t\t\t\t\t<\/div>\n\t\t\t\t<\/div>\n\t\t\t\t<div class=\"elementor-element elementor-element-60b7b16 elementor-widget-divider--view-line elementor-widget elementor-widget-divider\" data-id=\"60b7b16\" data-element_type=\"widget\" data-e-type=\"widget\" data-widget_type=\"divider.default\">\n\t\t\t\t<div class=\"elementor-widget-container\">\n\t\t\t\t\t\t\t<div class=\"elementor-divider\">\n\t\t\t<span class=\"elementor-divider-separator\">\n\t\t\t\t\t\t<\/span>\n\t\t<\/div>\n\t\t\t\t\t\t<\/div>\n\t\t\t\t<\/div>\n\t\t\t\t<div class=\"elementor-element elementor-element-195d31b0 elementor-widget elementor-widget-heading\" data-id=\"195d31b0\" data-element_type=\"widget\" data-e-type=\"widget\" data-widget_type=\"heading.default\">\n\t\t\t\t<div class=\"elementor-widget-container\">\n\t\t\t\t\t<span class=\"elementor-heading-title elementor-size-default\">Men\u00fa interactivo<\/span>\t\t\t\t<\/div>\n\t\t\t\t<\/div>\n\t\t\t\t\t<\/div>\n\t\t\t\t<\/div>\n\t\t<div class=\"elementor-element elementor-element-17bf7fbd e-flex e-con-boxed e-con e-parent\" data-id=\"17bf7fbd\" data-element_type=\"container\" data-e-type=\"container\">\n\t\t\t\t\t<div class=\"e-con-inner\">\n\t\t<div class=\"elementor-element elementor-element-2f9528f0 e-flex e-con-boxed e-con e-child\" data-id=\"2f9528f0\" data-element_type=\"container\" data-e-type=\"container\" data-settings=\"{&quot;background_background&quot;:&quot;classic&quot;}\">\n\t\t\t\t\t<div class=\"e-con-inner\">\n\t\t<div class=\"elementor-element elementor-element-354cd475 e-con-full e-flex e-con e-child\" data-id=\"354cd475\" data-element_type=\"container\" data-e-type=\"container\">\n\t\t\t\t<div class=\"elementor-element elementor-element-242c3467 elementor-cta--skin-cover elementor-cta--valign-middle elementor-cta--sequenced-animation elementor-animated-content elementor-bg-transform elementor-bg-transform-zoom-in elementor-widget elementor-widget-call-to-action\" data-id=\"242c3467\" data-element_type=\"widget\" data-e-type=\"widget\" data-settings=\"{&quot;ep_sound_effects_active&quot;:&quot;yes&quot;,&quot;ep_sound_effects_select_type&quot;:&quot;widget&quot;,&quot;ep_sound_effects_event&quot;:&quot;click&quot;,&quot;ep_sound_effects_source&quot;:&quot;bubble&quot;,&quot;ep_sound_effects_source_local_link&quot;:&quot;https:\\\/\\\/grupocompostelana.com\\\/vmenu\\\/wp-content\\\/plugins\\\/bdthemes-element-pack\\\/assets\\\/sounds\\\/&quot;}\" data-widget_type=\"call-to-action.default\">\n\t\t\t\t<div class=\"elementor-widget-container\">\n\t\t\t\t\t\t\t<a class=\"elementor-cta\" href=\"https:\/\/grupocompostelana.com\/vmenu\/compostelana-plaza-del-charco-puerto-de-la-cruz\/menu\/\">\n\t\t\t\t\t<div class=\"elementor-cta__bg-wrapper\">\n\t\t\t\t<div class=\"elementor-cta__bg elementor-bg\" style=\"background-image: url(https:\/\/grupocompostelana.com\/vmenu\/wp-content\/uploads\/DSC7221-scaled.jpg);\" role=\"img\" aria-label=\"_DSC7221\"><\/div>\n\t\t\t\t<div class=\"elementor-cta__bg-overlay\"><\/div>\n\t\t\t<\/div>\n\t\t\t\t\t\t\t<div class=\"elementor-cta__content\">\n\t\t\t\t\n\t\t\t\t\n\t\t\t\t\n\t\t\t\t\t\t\t\t\t<div class=\"elementor-cta__button-wrapper elementor-cta__content-item elementor-content-item elementor-animated-item--grow\">\n\t\t\t\t\t<span class=\"elementor-cta__button elementor-button elementor-size-\">\n\t\t\t\t\t\tMen\u00fa\t\t\t\t\t<\/span>\n\t\t\t\t\t<\/div>\n\t\t\t\t\t\t\t<\/div>\n\t\t\t\t\t\t<\/a>\n\t\t\t\t\t\t<\/div>\n\t\t\t\t<\/div>\n\t\t\t\t<\/div>\n\t\t<div class=\"elementor-element elementor-element-3b5e1132 e-con-full e-flex e-con e-child\" data-id=\"3b5e1132\" data-element_type=\"container\" data-e-type=\"container\">\n\t\t\t\t<div class=\"elementor-element elementor-element-52cc0080 elementor-cta--skin-cover elementor-cta--valign-middle elementor-cta--sequenced-animation elementor-animated-content elementor-bg-transform elementor-bg-transform-zoom-in elementor-widget elementor-widget-call-to-action\" data-id=\"52cc0080\" data-element_type=\"widget\" data-e-type=\"widget\" data-settings=\"{&quot;ep_sound_effects_active&quot;:&quot;yes&quot;,&quot;ep_sound_effects_select_type&quot;:&quot;widget&quot;,&quot;ep_sound_effects_event&quot;:&quot;click&quot;,&quot;ep_sound_effects_source&quot;:&quot;bubble&quot;,&quot;ep_sound_effects_source_local_link&quot;:&quot;https:\\\/\\\/grupocompostelana.com\\\/vmenu\\\/wp-content\\\/plugins\\\/bdthemes-element-pack\\\/assets\\\/sounds\\\/&quot;}\" data-widget_type=\"call-to-action.default\">\n\t\t\t\t<div class=\"elementor-widget-container\">\n\t\t\t\t\t\t\t<a class=\"elementor-cta\" href=\"https:\/\/grupocompostelana.com\/vmenu\/compostelana-plaza-del-charco-puerto-de-la-cruz\/sugerencias\/\">\n\t\t\t\t\t<div class=\"elementor-cta__bg-wrapper\">\n\t\t\t\t<div class=\"elementor-cta__bg elementor-bg\" style=\"background-image: url(https:\/\/grupocompostelana.com\/vmenu\/wp-content\/uploads\/DSC7231-scaled.jpg);\" role=\"img\" aria-label=\"_DSC7231\"><\/div>\n\t\t\t\t<div class=\"elementor-cta__bg-overlay\"><\/div>\n\t\t\t<\/div>\n\t\t\t\t\t\t\t<div class=\"elementor-cta__content\">\n\t\t\t\t\n\t\t\t\t\n\t\t\t\t\n\t\t\t\t\t\t\t\t\t<div class=\"elementor-cta__button-wrapper elementor-cta__content-item elementor-content-item elementor-animated-item--grow\">\n\t\t\t\t\t<span class=\"elementor-cta__button elementor-button elementor-size-\">\n\t\t\t\t\t\tSugerencias\t\t\t\t\t<\/span>\n\t\t\t\t\t<\/div>\n\t\t\t\t\t\t\t<\/div>\n\t\t\t\t\t\t<\/a>\n\t\t\t\t\t\t<\/div>\n\t\t\t\t<\/div>\n\t\t\t\t<\/div>\n\t\t<div class=\"elementor-element elementor-element-6f85a6c e-con-full e-flex e-con e-child\" data-id=\"6f85a6c\" data-element_type=\"container\" data-e-type=\"container\">\n\t\t\t\t<div class=\"elementor-element elementor-element-5944f04 elementor-cta--skin-cover elementor-cta--valign-middle elementor-cta--sequenced-animation elementor-animated-content elementor-bg-transform elementor-bg-transform-zoom-in elementor-widget elementor-widget-call-to-action\" data-id=\"5944f04\" data-element_type=\"widget\" data-e-type=\"widget\" data-settings=\"{&quot;ep_sound_effects_active&quot;:&quot;yes&quot;,&quot;ep_sound_effects_select_type&quot;:&quot;widget&quot;,&quot;ep_sound_effects_event&quot;:&quot;click&quot;,&quot;ep_sound_effects_source&quot;:&quot;bubble&quot;,&quot;ep_sound_effects_source_local_link&quot;:&quot;https:\\\/\\\/grupocompostelana.com\\\/vmenu\\\/wp-content\\\/plugins\\\/bdthemes-element-pack\\\/assets\\\/sounds\\\/&quot;}\" data-widget_type=\"call-to-action.default\">\n\t\t\t\t<div class=\"elementor-widget-container\">\n\t\t\t\t\t\t\t<a class=\"elementor-cta\" href=\"https:\/\/grupocompostelana.com\/vmenu\/compostelana-plaza-del-charco-puerto-de-la-cruz\/bebidas\/\">\n\t\t\t\t\t<div class=\"elementor-cta__bg-wrapper\">\n\t\t\t\t<div class=\"elementor-cta__bg elementor-bg\" style=\"background-image: url(https:\/\/grupocompostelana.com\/vmenu\/wp-content\/uploads\/DSC7366-scaled.jpg);\" role=\"img\" aria-label=\"_DSC7366\"><\/div>\n\t\t\t\t<div class=\"elementor-cta__bg-overlay\"><\/div>\n\t\t\t<\/div>\n\t\t\t\t\t\t\t<div class=\"elementor-cta__content\">\n\t\t\t\t\n\t\t\t\t\n\t\t\t\t\n\t\t\t\t\t\t\t\t\t<div class=\"elementor-cta__button-wrapper elementor-cta__content-item elementor-content-item elementor-animated-item--grow\">\n\t\t\t\t\t<span class=\"elementor-cta__button elementor-button elementor-size-\">\n\t\t\t\t\t\tBebidas\t\t\t\t\t<\/span>\n\t\t\t\t\t<\/div>\n\t\t\t\t\t\t\t<\/div>\n\t\t\t\t\t\t<\/a>\n\t\t\t\t\t\t<\/div>\n\t\t\t\t<\/div>\n\t\t\t\t<\/div>\n\t\t<div class=\"elementor-element elementor-element-76641dcf e-con-full e-flex e-con e-child\" data-id=\"76641dcf\" data-element_type=\"container\" data-e-type=\"container\">\n\t\t\t\t<div class=\"elementor-element elementor-element-769992bf elementor-cta--skin-cover elementor-cta--valign-middle elementor-cta--sequenced-animation elementor-animated-content elementor-bg-transform elementor-bg-transform-zoom-in elementor-widget elementor-widget-call-to-action\" data-id=\"769992bf\" data-element_type=\"widget\" data-e-type=\"widget\" data-settings=\"{&quot;ep_sound_effects_active&quot;:&quot;yes&quot;,&quot;ep_sound_effects_select_type&quot;:&quot;widget&quot;,&quot;ep_sound_effects_event&quot;:&quot;click&quot;,&quot;ep_sound_effects_source&quot;:&quot;bubble&quot;,&quot;ep_sound_effects_source_local_link&quot;:&quot;https:\\\/\\\/grupocompostelana.com\\\/vmenu\\\/wp-content\\\/plugins\\\/bdthemes-element-pack\\\/assets\\\/sounds\\\/&quot;}\" data-widget_type=\"call-to-action.default\">\n\t\t\t\t<div class=\"elementor-widget-container\">\n\t\t\t\t\t\t\t<a class=\"elementor-cta\" href=\"https:\/\/grupocompostelana.com\/vmenu\/compostelana-plaza-del-charco-puerto-de-la-cruz\/postres\/\">\n\t\t\t\t\t<div class=\"elementor-cta__bg-wrapper\">\n\t\t\t\t<div class=\"elementor-cta__bg elementor-bg\" style=\"background-image: url(https:\/\/grupocompostelana.com\/vmenu\/wp-content\/uploads\/DSC6893-scaled.jpg);\" role=\"img\" aria-label=\"_DSC6893\"><\/div>\n\t\t\t\t<div class=\"elementor-cta__bg-overlay\"><\/div>\n\t\t\t<\/div>\n\t\t\t\t\t\t\t<div class=\"elementor-cta__content\">\n\t\t\t\t\n\t\t\t\t\n\t\t\t\t\n\t\t\t\t\t\t\t\t\t<div class=\"elementor-cta__button-wrapper elementor-cta__content-item elementor-content-item elementor-animated-item--grow\">\n\t\t\t\t\t<span class=\"elementor-cta__button elementor-button elementor-size-\">\n\t\t\t\t\t\tPostres\t\t\t\t\t<\/span>\n\t\t\t\t\t<\/div>\n\t\t\t\t\t\t\t<\/div>\n\t\t\t\t\t\t<\/a>\n\t\t\t\t\t\t<\/div>\n\t\t\t\t<\/div>\n\t\t\t\t<\/div>\n\t\t<div class=\"elementor-element elementor-element-47eef50a e-con-full e-flex e-con e-child\" data-id=\"47eef50a\" data-element_type=\"container\" data-e-type=\"container\">\n\t\t\t\t<div class=\"elementor-element elementor-element-f085003 elementor-cta--skin-cover elementor-cta--valign-middle elementor-cta--sequenced-animation elementor-animated-content elementor-bg-transform elementor-bg-transform-zoom-in elementor-widget elementor-widget-call-to-action\" data-id=\"f085003\" data-element_type=\"widget\" data-e-type=\"widget\" data-settings=\"{&quot;ep_sound_effects_active&quot;:&quot;yes&quot;,&quot;ep_sound_effects_select_type&quot;:&quot;widget&quot;,&quot;ep_sound_effects_event&quot;:&quot;click&quot;,&quot;ep_sound_effects_source&quot;:&quot;bubble&quot;,&quot;ep_sound_effects_source_local_link&quot;:&quot;https:\\\/\\\/grupocompostelana.com\\\/vmenu\\\/wp-content\\\/plugins\\\/bdthemes-element-pack\\\/assets\\\/sounds\\\/&quot;}\" data-widget_type=\"call-to-action.default\">\n\t\t\t\t<div class=\"elementor-widget-container\">\n\t\t\t\t\t\t\t<a class=\"elementor-cta\" href=\"https:\/\/grupocompostelana.com\/vmenu\/compostelana-plaza-del-charco-puerto-de-la-cruz\/cocktails\/\">\n\t\t\t\t\t<div class=\"elementor-cta__bg-wrapper\">\n\t\t\t\t<div class=\"elementor-cta__bg elementor-bg\" style=\"background-image: url(https:\/\/grupocompostelana.com\/vmenu\/wp-content\/uploads\/imagiustudio-compostelana-10003.jpg);\" role=\"img\" aria-label=\"GRUPO COMPOSTELANA\"><\/div>\n\t\t\t\t<div class=\"elementor-cta__bg-overlay\"><\/div>\n\t\t\t<\/div>\n\t\t\t\t\t\t\t<div class=\"elementor-cta__content\">\n\t\t\t\t\n\t\t\t\t\n\t\t\t\t\n\t\t\t\t\t\t\t\t\t<div class=\"elementor-cta__button-wrapper elementor-cta__content-item elementor-content-item elementor-animated-item--grow\">\n\t\t\t\t\t<span class=\"elementor-cta__button elementor-button elementor-size-\">\n\t\t\t\t\t\tCocktails\t\t\t\t\t<\/span>\n\t\t\t\t\t<\/div>\n\t\t\t\t\t\t\t<\/div>\n\t\t\t\t\t\t<\/a>\n\t\t\t\t\t\t<\/div>\n\t\t\t\t<\/div>\n\t\t\t\t<\/div>\n\t\t<div class=\"elementor-element elementor-element-011f156 e-con-full e-flex e-con e-child\" data-id=\"011f156\" data-element_type=\"container\" data-e-type=\"container\">\n\t\t\t\t<div class=\"elementor-element elementor-element-b1e75f9 elementor-cta--skin-cover elementor-cta--valign-middle elementor-cta--sequenced-animation elementor-animated-content elementor-bg-transform elementor-bg-transform-zoom-in elementor-widget elementor-widget-call-to-action\" data-id=\"b1e75f9\" data-element_type=\"widget\" data-e-type=\"widget\" data-settings=\"{&quot;ep_sound_effects_active&quot;:&quot;yes&quot;,&quot;ep_sound_effects_select_type&quot;:&quot;widget&quot;,&quot;ep_sound_effects_event&quot;:&quot;click&quot;,&quot;ep_sound_effects_source&quot;:&quot;bubble&quot;,&quot;ep_sound_effects_source_local_link&quot;:&quot;https:\\\/\\\/grupocompostelana.com\\\/vmenu\\\/wp-content\\\/plugins\\\/bdthemes-element-pack\\\/assets\\\/sounds\\\/&quot;}\" data-widget_type=\"call-to-action.default\">\n\t\t\t\t<div class=\"elementor-widget-container\">\n\t\t\t\t\t\t\t<a class=\"elementor-cta\" href=\"https:\/\/grupocompostelana.com\/vmenu\/compostelana-plaza-del-charco-puerto-de-la-cruz\/vinos\/\">\n\t\t\t\t\t<div class=\"elementor-cta__bg-wrapper\">\n\t\t\t\t<div class=\"elementor-cta__bg elementor-bg\" style=\"background-image: url(https:\/\/grupocompostelana.com\/vmenu\/wp-content\/uploads\/VINOS-scaled.jpg);\" role=\"img\" aria-label=\"VINOS\"><\/div>\n\t\t\t\t<div class=\"elementor-cta__bg-overlay\"><\/div>\n\t\t\t<\/div>\n\t\t\t\t\t\t\t<div class=\"elementor-cta__content\">\n\t\t\t\t\n\t\t\t\t\n\t\t\t\t\n\t\t\t\t\t\t\t\t\t<div class=\"elementor-cta__button-wrapper elementor-cta__content-item elementor-content-item elementor-animated-item--grow\">\n\t\t\t\t\t<span class=\"elementor-cta__button elementor-button elementor-size-\">\n\t\t\t\t\t\tVinos\t\t\t\t\t<\/span>\n\t\t\t\t\t<\/div>\n\t\t\t\t\t\t\t<\/div>\n\t\t\t\t\t\t<\/a>\n\t\t\t\t\t\t<\/div>\n\t\t\t\t<\/div>\n\t\t\t\t<\/div>\n\t\t<div class=\"elementor-element elementor-element-2f1eb816 e-con-full e-flex e-con e-child\" data-id=\"2f1eb816\" data-element_type=\"container\" data-e-type=\"container\">\n\t\t\t\t<div class=\"elementor-element elementor-element-76bd03eb elementor-cta--skin-cover elementor-cta--valign-middle elementor-cta--sequenced-animation elementor-animated-content elementor-bg-transform elementor-bg-transform-zoom-in elementor-widget elementor-widget-call-to-action\" data-id=\"76bd03eb\" data-element_type=\"widget\" data-e-type=\"widget\" data-settings=\"{&quot;ep_sound_effects_active&quot;:&quot;yes&quot;,&quot;ep_sound_effects_select_type&quot;:&quot;widget&quot;,&quot;ep_sound_effects_event&quot;:&quot;click&quot;,&quot;ep_sound_effects_source&quot;:&quot;bubble&quot;,&quot;ep_sound_effects_source_local_link&quot;:&quot;https:\\\/\\\/grupocompostelana.com\\\/vmenu\\\/wp-content\\\/plugins\\\/bdthemes-element-pack\\\/assets\\\/sounds\\\/&quot;}\" data-widget_type=\"call-to-action.default\">\n\t\t\t\t<div class=\"elementor-widget-container\">\n\t\t\t\t\t\t\t<a class=\"elementor-cta\" href=\"\/vmenu\/alergenos\">\n\t\t\t\t\t<div class=\"elementor-cta__bg-wrapper\">\n\t\t\t\t<div class=\"elementor-cta__bg elementor-bg\" style=\"background-image: url(https:\/\/grupocompostelana.com\/vmenu\/wp-content\/uploads\/COMPOSTELANA-PLAZA-ESPANA-31-min.jpg);\" role=\"img\" aria-label=\"COMPOSTELANA PLAZA ESPAN\u0303A-31 - min\"><\/div>\n\t\t\t\t<div class=\"elementor-cta__bg-overlay\"><\/div>\n\t\t\t<\/div>\n\t\t\t\t\t\t\t<div class=\"elementor-cta__content\">\n\t\t\t\t\n\t\t\t\t\n\t\t\t\t\n\t\t\t\t\t\t\t\t\t<div class=\"elementor-cta__button-wrapper elementor-cta__content-item elementor-content-item elementor-animated-item--grow\">\n\t\t\t\t\t<span class=\"elementor-cta__button elementor-button elementor-size-\">\n\t\t\t\t\t\tAl\u00e9rgenos\t\t\t\t\t<\/span>\n\t\t\t\t\t<\/div>\n\t\t\t\t\t\t\t<\/div>\n\t\t\t\t\t\t<\/a>\n\t\t\t\t\t\t<\/div>\n\t\t\t\t<\/div>\n\t\t\t\t<\/div>\n\t\t\t\t\t<\/div>\n\t\t\t\t<\/div>\n\t\t\t\t\t<\/div>\n\t\t\t\t<\/div>\n\t\t<div class=\"elementor-element elementor-element-a5fbb70 e-flex e-con-boxed e-con e-parent\" data-id=\"a5fbb70\" data-element_type=\"container\" data-e-type=\"container\">\n\t\t\t\t\t<div class=\"e-con-inner\">\n\t\t\t\t<div class=\"elementor-element elementor-element-35b6c64 elementor-widget elementor-widget-button\" data-id=\"35b6c64\" data-element_type=\"widget\" data-e-type=\"widget\" data-widget_type=\"button.default\">\n\t\t\t\t<div class=\"elementor-widget-container\">\n\t\t\t\t\t\t\t\t\t<div class=\"elementor-button-wrapper\">\n\t\t\t\t\t<a class=\"elementor-button elementor-button-link elementor-size-sm\" href=\"https:\/\/grupocompostelana.com\/vmenu\">\n\t\t\t\t\t\t<span class=\"elementor-button-content-wrapper\">\n\t\t\t\t\t\t\t\t\t<span class=\"elementor-button-text\">Explorar otros restaurantes<\/span>\n\t\t\t\t\t<\/span>\n\t\t\t\t\t<\/a>\n\t\t\t\t<\/div>\n\t\t\t\t\t\t\t\t<\/div>\n\t\t\t\t<\/div>\n\t\t\t\t\t<\/div>\n\t\t\t\t<\/div>\n\t\t\t\t<\/div>\n\t\t","protected":false},"excerpt":{"rendered":"<p>Men\u00fa interactivo Men\u00fa Sugerencias Bebidas Postres Cocktails Vinos Al\u00e9rgenos Explorar otros restaurantes<\/p>\n","protected":false},"author":1,"featured_media":589,"parent":0,"menu_order":0,"comment_status":"closed","ping_status":"closed","template":"elementor_header_footer","meta":{"site-sidebar-layout":"no-sidebar","site-content-layout":"page-builder","ast-site-content-layout":"default","site-content-style":"default","site-sidebar-style":"default","ast-global-header-display":"","ast-banner-title-visibility":"","ast-main-header-display":"","ast-hfb-above-header-display":"","ast-hfb-below-header-display":"","ast-hfb-mobile-header-display":"","site-post-title":"disabled","ast-breadcrumbs-content":"","ast-featured-img":"disabled","footer-sml-layout":"","ast-disable-related-posts":"","theme-transparent-header-meta":"","adv-header-id-meta":"","stick-header-meta":"","header-above-stick-meta":"","header-main-stick-meta":"","header-below-stick-meta":"","astra-migrate-meta-layouts":"default","ast-page-background-enabled":"default","ast-page-background-meta":{"desktop":{"background-color":"var(--ast-global-color-4)","background-image":"","background-repeat":"repeat","background-position":"center center","background-size":"auto","background-attachment":"scroll","background-type":"","background-media":"","overlay-type":"","overlay-color":"","overlay-opacity":"","overlay-gradient":""},"tablet":{"background-color":"","background-image":"","background-repeat":"repeat","background-position":"center center","background-size":"auto","background-attachment":"scroll","background-type":"","background-media":"","overlay-type":"","overlay-color":"","overlay-opacity":"","overlay-gradient":""},"mobile":{"background-color":"","background-image":"","background-repeat":"repeat","background-position":"center center","background-size":"auto","background-attachment":"scroll","background-type":"","background-media":"","overlay-type":"","overlay-color":"","overlay-opacity":"","overlay-gradient":""}},"ast-content-background-meta":{"desktop":{"background-color":"var(--ast-global-color-5)","background-image":"","background-repeat":"repeat","background-position":"center center","background-size":"auto","background-attachment":"scroll","background-type":"","background-media":"","overlay-type":"","overlay-color":"","overlay-opacity":"","overlay-gradient":""},"tablet":{"background-color":"var(--ast-global-color-5)","background-image":"","background-repeat":"repeat","background-position":"center center","background-size":"auto","background-attachment":"scroll","background-type":"","background-media":"","overlay-type":"","overlay-color":"","overlay-opacity":"","overlay-gradient":""},"mobile":{"background-color":"var(--ast-global-color-5)","background-image":"","background-repeat":"repeat","background-position":"center center","background-size":"auto","background-attachment":"scroll","background-type":"","background-media":"","overlay-type":"","overlay-color":"","overlay-opacity":"","overlay-gradient":""}},"footnotes":""},"restaurante":[248],"class_list":["post-35","page","type-page","status-publish","has-post-thumbnail","hentry","restaurante-plaza-charco"],"_links":{"self":[{"href":"https:\/\/grupocompostelana.com\/vmenu\/wp-json\/wp\/v2\/pages\/35","targetHints":{"allow":["GET"]}}],"collection":[{"href":"https:\/\/grupocompostelana.com\/vmenu\/wp-json\/wp\/v2\/pages"}],"about":[{"href":"https:\/\/grupocompostelana.com\/vmenu\/wp-json\/wp\/v2\/types\/page"}],"author":[{"embeddable":true,"href":"https:\/\/grupocompostelana.com\/vmenu\/wp-json\/wp\/v2\/users\/1"}],"replies":[{"embeddable":true,"href":"https:\/\/grupocompostelana.com\/vmenu\/wp-json\/wp\/v2\/comments?post=35"}],"version-history":[{"count":3,"href":"https:\/\/grupocompostelana.com\/vmenu\/wp-json\/wp\/v2\/pages\/35\/revisions"}],"predecessor-version":[{"id":11488,"href":"https:\/\/grupocompostelana.com\/vmenu\/wp-json\/wp\/v2\/pages\/35\/revisions\/11488"}],"wp:featuredmedia":[{"embeddable":true,"href":"https:\/\/grupocompostelana.com\/vmenu\/wp-json\/wp\/v2\/media\/589"}],"wp:attachment":[{"href":"https:\/\/grupocompostelana.com\/vmenu\/wp-json\/wp\/v2\/media?parent=35"}],"wp:term":[{"taxonomy":"restaurante","embeddable":true,"href":"https:\/\/grupocompostelana.com\/vmenu\/wp-json\/wp\/v2\/restaurante?post=35"}],"curies":[{"name":"wp","href":"https:\/\/api.w.org\/{rel}","templated":true}]}}